{"id":82,"date":"2020-06-03T20:55:10","date_gmt":"2020-06-03T17:55:10","guid":{"rendered":"https:\/\/cgs.az\/hakkimizda\/"},"modified":"2024-01-13T11:24:44","modified_gmt":"2024-01-13T07:24:44","slug":"hakkimizda","status":"publish","type":"page","link":"https:\/\/cgs.az\/?page_id=82","title":{"rendered":"Haqq\u0131m\u0131zda"},"content":{"rendered":"\n<figure class=\"wp-block-image size-large\"><img loading=\"lazy\" decoding=\"async\" width=\"1024\" height=\"768\" src=\"https:\/\/cgs.az\/wp-content\/uploads\/2024\/01\/366830559_795459999246718_645294993508261396_n-1024x768.jpg\" alt=\"\" class=\"wp-image-411\" srcset=\"https:\/\/cgs.az\/wp-content\/uploads\/2024\/01\/366830559_795459999246718_645294993508261396_n-1024x768.jpg 1024w, https:\/\/cgs.az\/wp-content\/uploads\/2024\/01\/366830559_795459999246718_645294993508261396_n-300x225.jpg 300w, https:\/\/cgs.az\/wp-content\/uploads\/2024\/01\/366830559_795459999246718_645294993508261396_n-768x576.jpg 768w, https:\/\/cgs.az\/wp-content\/uploads\/2024\/01\/366830559_795459999246718_645294993508261396_n-1536x1152.jpg 1536w, https:\/\/cgs.az\/wp-content\/uploads\/2024\/01\/366830559_795459999246718_645294993508261396_n.jpg 2048w\" sizes=\"auto, (max-width: 1024px) 100vw, 1024px\" \/><\/figure>\n\n\n\n<div class=\"wp-block-safirtema-mainheading singleHeading mainHeading\"><div class=\"inner\"><div class=\"icon safiricon\"><svg class=\"safiricon-kurumsal\"><use href=\"#safiricon-kurumsal\"><\/use><\/svg><\/div><div class=\"text\">Caucasus Geo Survey<\/div><\/div><\/div>\n\n\n\n<p>\u201cCaucasus Geo Survey\u201d \u015firk\u0259ti 2017 -ci ild\u0259 qurulmu\u015fdur. \u015eirk\u0259timiz \u0259traf m\u00fchit, m\u00fch\u0259ndislik, k\u0259nd t\u0259s\u0259rr\u00fcfat\u0131, ekologiya, hidroloji ehtiyatlar, \u0259hali, iqlim d\u0259yi\u015fikliyi, \u00e7\u00f6l t\u0259dqiqatlar\u0131 v\u0259 iqtisadiyyat\u0131n m\u00fcxt\u0259lif sektorlar\u0131nda Co\u011frafi \u0130nformasiya Sisteml\u0259rinin (C\u0130S) t\u0259tbiqi \u00fczr\u0259 ixtisasla\u015fm\u0131\u015fd\u0131r. \u018fsas m\u0259qs\u0259dl\u0259rd\u0259n biri d\u00fcnyada s\u00fcr\u0259tl\u0259 inki\u015faf ed\u0259n m\u0259kan informasiya sisteml\u0259rinin C\u0130S texnologiyas\u0131 il\u0259 inteqrasiyas\u0131 yolu il\u0259 \u00f6lk\u0259mizd\u0259 co\u011frafi informasiya sisteml\u0259rinin geni\u015f istifad\u0259sini d\u0259st\u0259kl\u0259m\u0259kdir. \u015eirk\u0259tin pe\u015f\u0259kar hey\u0259ti m\u00fcxt\u0259lif yerli v\u0259 beyn\u0259lxalq layih\u0259l\u0259rd\u0259 \u00e7al\u0131\u015fm\u0131\u015f m\u00fct\u0259x\u0259ssisl\u0259rd\u0259n ibar\u0259tdir. CIS komandam\u0131z h\u0259r hans\u0131 bir layih\u0259d\u0259 qald\u0131r\u0131lan probleml\u0259ri m\u00fcasir yana\u015fmalara \u0259saslanaraq v\u0259 beyn\u0259lxalq standartlar \u00e7\u0259r\u00e7iv\u0259sind\u0259 d\u0259rhal h\u0259ll etm\u0259y\u0259 qadirdir. 2019 -cu ilin yanvar ay\u0131ndan etibar\u0259n ESRI -nin (GIS texnologiyas\u0131 \u00fczr\u0259 d\u00fcnya lideri) Az\u0259rbaycandak\u0131 r\u0259smi t\u0259r\u0259fda\u015f\u0131y\u0131q.<\/p>\n\n\n\n<div class=\"wp-block-columns is-layout-flex wp-container-core-columns-is-layout-9d6595d7 wp-block-columns-is-layout-flex\">\n<div class=\"wp-block-column is-layout-flow wp-block-column-is-layout-flow\">\n<div class=\"wp-block-safirtema-mainheading singleHeading mainHeading\"><div class=\"inner\"><div class=\"icon safiricon\"><svg class=\"safiricon-lamba\"><use href=\"#safiricon-lamba\"><\/use><\/svg><\/div><div class=\"text\">M\u0259qs\u0259dimiz<\/div><\/div><\/div>\n\n\n\n<p>\u018fsas m\u0259qs\u0259dl\u0259rd\u0259n biri d\u00fcnyada s\u00fcr\u0259tl\u0259 inki\u015faf ed\u0259n m\u0259kan informasiya sisteml\u0259rinin C\u0130S texnologiyas\u0131 il\u0259 inteqrasiyas\u0131 yolu il\u0259 \u00f6lk\u0259mizd\u0259 co\u011frafi informasiya sisteml\u0259rinin geni\u015f istifad\u0259sini d\u0259st\u0259kl\u0259m\u0259kdir.. <\/p>\n<\/div>\n\n\n\n<div class=\"wp-block-column is-layout-flow wp-block-column-is-layout-flow\">\n<div class=\"wp-block-safirtema-mainheading singleHeading mainHeading\"><div class=\"inner\"><div class=\"icon safiricon\"><svg class=\"safiricon-anlasma\"><use href=\"#safiricon-anlasma\"><\/use><\/svg><\/div><div class=\"text\">Pe\u015f\u0259kar hey\u0259t<\/div><\/div><\/div>\n\n\n\n<p>\u015eirk\u0259tin pe\u015f\u0259kar hey\u0259ti m\u00fcxt\u0259lif yerli v\u0259 beyn\u0259lxalq layih\u0259l\u0259rd\u0259 \u00e7al\u0131\u015fm\u0131\u015f m\u00fct\u0259x\u0259ssisl\u0259rd\u0259n ibar\u0259tdir. CIS komandam\u0131z h\u0259r hans\u0131 bir layih\u0259d\u0259 qald\u0131r\u0131lan probleml\u0259ri m\u00fcasir yana\u015fmalara \u0259saslanaraq v\u0259 beyn\u0259lxalq standartlar \u00e7\u0259r\u00e7iv\u0259sind\u0259 d\u0259rhal h\u0259ll etm\u0259y\u0259 qadirdir.<\/p>\n<\/div>\n<\/div>\n\n\n\n<figure class=\"wp-block-gallery has-nested-images columns-default is-cropped wp-block-gallery-1 is-layout-flex wp-block-gallery-is-layout-flex\">\n<figure class=\"wp-block-image size-large\"><a href=\"https:\/\/cgs.az\/wp-content\/uploads\/2024\/01\/412084882_881077064018344_2146156391628165390_n-1.jpg\"><img loading=\"lazy\" decoding=\"async\" width=\"1024\" height=\"683\" data-id=\"458\" src=\"https:\/\/cgs.az\/wp-content\/uploads\/2024\/01\/412084882_881077064018344_2146156391628165390_n-1-1024x683.jpg\" alt=\"\" class=\"wp-image-458\" srcset=\"https:\/\/cgs.az\/wp-content\/uploads\/2024\/01\/412084882_881077064018344_2146156391628165390_n-1-1024x683.jpg 1024w, https:\/\/cgs.az\/wp-content\/uploads\/2024\/01\/412084882_881077064018344_2146156391628165390_n-1-300x200.jpg 300w, https:\/\/cgs.az\/wp-content\/uploads\/2024\/01\/412084882_881077064018344_2146156391628165390_n-1-768x512.jpg 768w, https:\/\/cgs.az\/wp-content\/uploads\/2024\/01\/412084882_881077064018344_2146156391628165390_n-1.jpg 1080w\" sizes=\"auto, (max-width: 1024px) 100vw, 1024px\" \/><\/a><\/figure>\n\n\n\n<figure class=\"wp-block-image size-large\"><a href=\"https:\/\/cgs.az\/wp-content\/uploads\/2024\/01\/412085333_881077257351658_4892530508438857750_n-1.jpg\"><img loading=\"lazy\" decoding=\"async\" width=\"1024\" height=\"683\" data-id=\"461\" src=\"https:\/\/cgs.az\/wp-content\/uploads\/2024\/01\/412085333_881077257351658_4892530508438857750_n-1-1024x683.jpg\" alt=\"\" class=\"wp-image-461\" srcset=\"https:\/\/cgs.az\/wp-content\/uploads\/2024\/01\/412085333_881077257351658_4892530508438857750_n-1-1024x683.jpg 1024w, https:\/\/cgs.az\/wp-content\/uploads\/2024\/01\/412085333_881077257351658_4892530508438857750_n-1-300x200.jpg 300w, https:\/\/cgs.az\/wp-content\/uploads\/2024\/01\/412085333_881077257351658_4892530508438857750_n-1-768x512.jpg 768w, https:\/\/cgs.az\/wp-content\/uploads\/2024\/01\/412085333_881077257351658_4892530508438857750_n-1.jpg 1080w\" sizes=\"auto, (max-width: 1024px) 100vw, 1024px\" \/><\/a><\/figure>\n\n\n\n<figure class=\"wp-block-image size-large\"><a href=\"https:\/\/cgs.az\/wp-content\/uploads\/2024\/01\/412165604_881077060685011_4777233949459881446_n.jpg\"><img loading=\"lazy\" decoding=\"async\" width=\"1024\" height=\"683\" data-id=\"462\" src=\"https:\/\/cgs.az\/wp-content\/uploads\/2024\/01\/412165604_881077060685011_4777233949459881446_n-1024x683.jpg\" alt=\"\" class=\"wp-image-462\" srcset=\"https:\/\/cgs.az\/wp-content\/uploads\/2024\/01\/412165604_881077060685011_4777233949459881446_n-1024x683.jpg 1024w, https:\/\/cgs.az\/wp-content\/uploads\/2024\/01\/412165604_881077060685011_4777233949459881446_n-300x200.jpg 300w, https:\/\/cgs.az\/wp-content\/uploads\/2024\/01\/412165604_881077060685011_4777233949459881446_n-768x512.jpg 768w, https:\/\/cgs.az\/wp-content\/uploads\/2024\/01\/412165604_881077060685011_4777233949459881446_n.jpg 1080w\" sizes=\"auto, (max-width: 1024px) 100vw, 1024px\" \/><\/a><\/figure>\n\n\n\n<figure class=\"wp-block-image size-large\"><a href=\"https:\/\/cgs.az\/wp-content\/uploads\/2024\/01\/412104538_881077270684990_6558960768214381506_n.jpg\"><img loading=\"lazy\" decoding=\"async\" width=\"1024\" height=\"683\" data-id=\"459\" src=\"https:\/\/cgs.az\/wp-content\/uploads\/2024\/01\/412104538_881077270684990_6558960768214381506_n-1024x683.jpg\" alt=\"\" class=\"wp-image-459\" srcset=\"https:\/\/cgs.az\/wp-content\/uploads\/2024\/01\/412104538_881077270684990_6558960768214381506_n-1024x683.jpg 1024w, https:\/\/cgs.az\/wp-content\/uploads\/2024\/01\/412104538_881077270684990_6558960768214381506_n-300x200.jpg 300w, https:\/\/cgs.az\/wp-content\/uploads\/2024\/01\/412104538_881077270684990_6558960768214381506_n-768x512.jpg 768w, https:\/\/cgs.az\/wp-content\/uploads\/2024\/01\/412104538_881077270684990_6558960768214381506_n.jpg 1080w\" sizes=\"auto, (max-width: 1024px) 100vw, 1024px\" \/><\/a><\/figure>\n\n\n\n<figure class=\"wp-block-image size-large\"><a href=\"https:\/\/cgs.az\/wp-content\/uploads\/2024\/01\/414223295_886224000170317_8513790170460731496_n.jpg\"><img loading=\"lazy\" decoding=\"async\" width=\"1024\" height=\"768\" data-id=\"450\" src=\"https:\/\/cgs.az\/wp-content\/uploads\/2024\/01\/414223295_886224000170317_8513790170460731496_n-1024x768.jpg\" alt=\"\" class=\"wp-image-450\" srcset=\"https:\/\/cgs.az\/wp-content\/uploads\/2024\/01\/414223295_886224000170317_8513790170460731496_n-1024x768.jpg 1024w, https:\/\/cgs.az\/wp-content\/uploads\/2024\/01\/414223295_886224000170317_8513790170460731496_n-300x225.jpg 300w, https:\/\/cgs.az\/wp-content\/uploads\/2024\/01\/414223295_886224000170317_8513790170460731496_n-768x576.jpg 768w, https:\/\/cgs.az\/wp-content\/uploads\/2024\/01\/414223295_886224000170317_8513790170460731496_n-1536x1152.jpg 1536w, https:\/\/cgs.az\/wp-content\/uploads\/2024\/01\/414223295_886224000170317_8513790170460731496_n.jpg 2048w\" sizes=\"auto, (max-width: 1024px) 100vw, 1024px\" \/><\/a><\/figure>\n\n\n\n<figure class=\"wp-block-image size-large\"><a href=\"https:\/\/cgs.az\/wp-content\/uploads\/2024\/01\/414172831_886223993503651_1719886596332513900_n.jpg\"><img loading=\"lazy\" decoding=\"async\" width=\"1024\" height=\"768\" data-id=\"451\" src=\"https:\/\/cgs.az\/wp-content\/uploads\/2024\/01\/414172831_886223993503651_1719886596332513900_n-1024x768.jpg\" alt=\"\" class=\"wp-image-451\" srcset=\"https:\/\/cgs.az\/wp-content\/uploads\/2024\/01\/414172831_886223993503651_1719886596332513900_n-1024x768.jpg 1024w, https:\/\/cgs.az\/wp-content\/uploads\/2024\/01\/414172831_886223993503651_1719886596332513900_n-300x225.jpg 300w, https:\/\/cgs.az\/wp-content\/uploads\/2024\/01\/414172831_886223993503651_1719886596332513900_n-768x576.jpg 768w, https:\/\/cgs.az\/wp-content\/uploads\/2024\/01\/414172831_886223993503651_1719886596332513900_n-1536x1152.jpg 1536w, https:\/\/cgs.az\/wp-content\/uploads\/2024\/01\/414172831_886223993503651_1719886596332513900_n.jpg 2048w\" sizes=\"auto, (max-width: 1024px) 100vw, 1024px\" \/><\/a><\/figure>\n\n\n\n<figure class=\"wp-block-image size-large\"><a href=\"https:\/\/cgs.az\/wp-content\/uploads\/2024\/01\/414223295_886224000170317_8513790170460731496_n-1.jpg\"><img loading=\"lazy\" decoding=\"async\" width=\"1024\" height=\"768\" data-id=\"453\" src=\"https:\/\/cgs.az\/wp-content\/uploads\/2024\/01\/414223295_886224000170317_8513790170460731496_n-1-1024x768.jpg\" alt=\"\" class=\"wp-image-453\" srcset=\"https:\/\/cgs.az\/wp-content\/uploads\/2024\/01\/414223295_886224000170317_8513790170460731496_n-1-1024x768.jpg 1024w, https:\/\/cgs.az\/wp-content\/uploads\/2024\/01\/414223295_886224000170317_8513790170460731496_n-1-300x225.jpg 300w, https:\/\/cgs.az\/wp-content\/uploads\/2024\/01\/414223295_886224000170317_8513790170460731496_n-1-768x576.jpg 768w, https:\/\/cgs.az\/wp-content\/uploads\/2024\/01\/414223295_886224000170317_8513790170460731496_n-1-1536x1152.jpg 1536w, https:\/\/cgs.az\/wp-content\/uploads\/2024\/01\/414223295_886224000170317_8513790170460731496_n-1.jpg 2048w\" sizes=\"auto, (max-width: 1024px) 100vw, 1024px\" \/><\/a><\/figure>\n\n\n\n<figure class=\"wp-block-image size-large\"><a href=\"https:\/\/cgs.az\/wp-content\/uploads\/2024\/01\/414189366_886224030170314_3868784146190341105_n.jpg\"><img loading=\"lazy\" decoding=\"async\" width=\"1024\" height=\"768\" data-id=\"452\" src=\"https:\/\/cgs.az\/wp-content\/uploads\/2024\/01\/414189366_886224030170314_3868784146190341105_n-1024x768.jpg\" alt=\"\" class=\"wp-image-452\" srcset=\"https:\/\/cgs.az\/wp-content\/uploads\/2024\/01\/414189366_886224030170314_3868784146190341105_n-1024x768.jpg 1024w, https:\/\/cgs.az\/wp-content\/uploads\/2024\/01\/414189366_886224030170314_3868784146190341105_n-300x225.jpg 300w, https:\/\/cgs.az\/wp-content\/uploads\/2024\/01\/414189366_886224030170314_3868784146190341105_n-768x576.jpg 768w, https:\/\/cgs.az\/wp-content\/uploads\/2024\/01\/414189366_886224030170314_3868784146190341105_n-1536x1152.jpg 1536w, https:\/\/cgs.az\/wp-content\/uploads\/2024\/01\/414189366_886224030170314_3868784146190341105_n.jpg 2048w\" sizes=\"auto, (max-width: 1024px) 100vw, 1024px\" \/><\/a><\/figure>\n\n\n\n<figure class=\"wp-block-image size-large\"><a href=\"https:\/\/cgs.az\/wp-content\/uploads\/2024\/01\/414426986_888814246577959_5036008388376856598_n.jpg\"><img loading=\"lazy\" decoding=\"async\" width=\"1024\" height=\"786\" data-id=\"442\" src=\"https:\/\/cgs.az\/wp-content\/uploads\/2024\/01\/414426986_888814246577959_5036008388376856598_n-1024x786.jpg\" alt=\"\" class=\"wp-image-442\" srcset=\"https:\/\/cgs.az\/wp-content\/uploads\/2024\/01\/414426986_888814246577959_5036008388376856598_n-1024x786.jpg 1024w, https:\/\/cgs.az\/wp-content\/uploads\/2024\/01\/414426986_888814246577959_5036008388376856598_n-300x230.jpg 300w, https:\/\/cgs.az\/wp-content\/uploads\/2024\/01\/414426986_888814246577959_5036008388376856598_n-768x589.jpg 768w, https:\/\/cgs.az\/wp-content\/uploads\/2024\/01\/414426986_888814246577959_5036008388376856598_n.jpg 1200w\" sizes=\"auto, (max-width: 1024px) 100vw, 1024px\" \/><\/a><\/figure>\n\n\n\n<figure class=\"wp-block-image size-large\"><a href=\"https:\/\/cgs.az\/wp-content\/uploads\/2024\/01\/414414040_888814253244625_543393574472467738_n.jpg\"><img loading=\"lazy\" decoding=\"async\" width=\"1024\" height=\"982\" data-id=\"443\" src=\"https:\/\/cgs.az\/wp-content\/uploads\/2024\/01\/414414040_888814253244625_543393574472467738_n-1024x982.jpg\" alt=\"\" class=\"wp-image-443\" srcset=\"https:\/\/cgs.az\/wp-content\/uploads\/2024\/01\/414414040_888814253244625_543393574472467738_n-1024x982.jpg 1024w, https:\/\/cgs.az\/wp-content\/uploads\/2024\/01\/414414040_888814253244625_543393574472467738_n-300x288.jpg 300w, https:\/\/cgs.az\/wp-content\/uploads\/2024\/01\/414414040_888814253244625_543393574472467738_n-768x737.jpg 768w, https:\/\/cgs.az\/wp-content\/uploads\/2024\/01\/414414040_888814253244625_543393574472467738_n.jpg 1200w\" sizes=\"auto, (max-width: 1024px) 100vw, 1024px\" \/><\/a><\/figure>\n\n\n\n<figure class=\"wp-block-image size-large\"><a href=\"https:\/\/cgs.az\/wp-content\/uploads\/2024\/01\/415366386_888814273244623_418421795886378802_n-1.jpg\"><img loading=\"lazy\" decoding=\"async\" width=\"1024\" height=\"590\" data-id=\"445\" src=\"https:\/\/cgs.az\/wp-content\/uploads\/2024\/01\/415366386_888814273244623_418421795886378802_n-1-1024x590.jpg\" alt=\"\" class=\"wp-image-445\" srcset=\"https:\/\/cgs.az\/wp-content\/uploads\/2024\/01\/415366386_888814273244623_418421795886378802_n-1-1024x590.jpg 1024w, https:\/\/cgs.az\/wp-content\/uploads\/2024\/01\/415366386_888814273244623_418421795886378802_n-1-300x173.jpg 300w, https:\/\/cgs.az\/wp-content\/uploads\/2024\/01\/415366386_888814273244623_418421795886378802_n-1-768x442.jpg 768w, https:\/\/cgs.az\/wp-content\/uploads\/2024\/01\/415366386_888814273244623_418421795886378802_n-1.jpg 1200w\" sizes=\"auto, (max-width: 1024px) 100vw, 1024px\" \/><\/a><\/figure>\n\n\n\n<figure class=\"wp-block-image size-large\"><a href=\"https:\/\/cgs.az\/wp-content\/uploads\/2024\/01\/414175221_886224023503648_3575001553387810657_n.jpg\"><img loading=\"lazy\" decoding=\"async\" width=\"1024\" height=\"1024\" data-id=\"425\" src=\"https:\/\/cgs.az\/wp-content\/uploads\/2024\/01\/414175221_886224023503648_3575001553387810657_n-1024x1024.jpg\" alt=\"\" class=\"wp-image-425\" srcset=\"https:\/\/cgs.az\/wp-content\/uploads\/2024\/01\/414175221_886224023503648_3575001553387810657_n-1024x1024.jpg 1024w, https:\/\/cgs.az\/wp-content\/uploads\/2024\/01\/414175221_886224023503648_3575001553387810657_n-300x300.jpg 300w, https:\/\/cgs.az\/wp-content\/uploads\/2024\/01\/414175221_886224023503648_3575001553387810657_n-150x150.jpg 150w, https:\/\/cgs.az\/wp-content\/uploads\/2024\/01\/414175221_886224023503648_3575001553387810657_n-768x768.jpg 768w, https:\/\/cgs.az\/wp-content\/uploads\/2024\/01\/414175221_886224023503648_3575001553387810657_n-1536x1536.jpg 1536w, https:\/\/cgs.az\/wp-content\/uploads\/2024\/01\/414175221_886224023503648_3575001553387810657_n.jpg 2048w\" sizes=\"auto, (max-width: 1024px) 100vw, 1024px\" \/><\/a><\/figure>\n\n\n\n<figure class=\"wp-block-image size-large\"><a href=\"https:\/\/cgs.az\/wp-content\/uploads\/2024\/01\/396341521_847873274005390_1385389602770823282_n.jpg\"><img loading=\"lazy\" decoding=\"async\" width=\"1024\" height=\"683\" data-id=\"418\" src=\"https:\/\/cgs.az\/wp-content\/uploads\/2024\/01\/396341521_847873274005390_1385389602770823282_n-1024x683.jpg\" alt=\"\" class=\"wp-image-418\" srcset=\"https:\/\/cgs.az\/wp-content\/uploads\/2024\/01\/396341521_847873274005390_1385389602770823282_n-1024x683.jpg 1024w, https:\/\/cgs.az\/wp-content\/uploads\/2024\/01\/396341521_847873274005390_1385389602770823282_n-300x200.jpg 300w, https:\/\/cgs.az\/wp-content\/uploads\/2024\/01\/396341521_847873274005390_1385389602770823282_n-768x512.jpg 768w, https:\/\/cgs.az\/wp-content\/uploads\/2024\/01\/396341521_847873274005390_1385389602770823282_n-1536x1025.jpg 1536w, https:\/\/cgs.az\/wp-content\/uploads\/2024\/01\/396341521_847873274005390_1385389602770823282_n.jpg 2048w\" sizes=\"auto, (max-width: 1024px) 100vw, 1024px\" \/><\/a><\/figure>\n\n\n\n<figure class=\"wp-block-image size-large\"><a href=\"https:\/\/cgs.az\/wp-content\/uploads\/2024\/01\/402597156_860462712746446_924101694778532394_n.jpg\"><img loading=\"lazy\" decoding=\"async\" width=\"1024\" height=\"768\" data-id=\"421\" src=\"https:\/\/cgs.az\/wp-content\/uploads\/2024\/01\/402597156_860462712746446_924101694778532394_n-1024x768.jpg\" alt=\"\" class=\"wp-image-421\" srcset=\"https:\/\/cgs.az\/wp-content\/uploads\/2024\/01\/402597156_860462712746446_924101694778532394_n-1024x768.jpg 1024w, https:\/\/cgs.az\/wp-content\/uploads\/2024\/01\/402597156_860462712746446_924101694778532394_n-300x225.jpg 300w, https:\/\/cgs.az\/wp-content\/uploads\/2024\/01\/402597156_860462712746446_924101694778532394_n-768x576.jpg 768w, https:\/\/cgs.az\/wp-content\/uploads\/2024\/01\/402597156_860462712746446_924101694778532394_n-1536x1152.jpg 1536w, https:\/\/cgs.az\/wp-content\/uploads\/2024\/01\/402597156_860462712746446_924101694778532394_n.jpg 2048w\" sizes=\"auto, (max-width: 1024px) 100vw, 1024px\" \/><\/a><\/figure>\n\n\n\n<figure class=\"wp-block-image size-large\"><a href=\"https:\/\/cgs.az\/wp-content\/uploads\/2024\/01\/404990019_864833038976080_4041880108702521278_n.jpg\"><img loading=\"lazy\" decoding=\"async\" width=\"1024\" height=\"768\" data-id=\"423\" src=\"https:\/\/cgs.az\/wp-content\/uploads\/2024\/01\/404990019_864833038976080_4041880108702521278_n-1024x768.jpg\" alt=\"\" class=\"wp-image-423\" srcset=\"https:\/\/cgs.az\/wp-content\/uploads\/2024\/01\/404990019_864833038976080_4041880108702521278_n-1024x768.jpg 1024w, https:\/\/cgs.az\/wp-content\/uploads\/2024\/01\/404990019_864833038976080_4041880108702521278_n-300x225.jpg 300w, https:\/\/cgs.az\/wp-content\/uploads\/2024\/01\/404990019_864833038976080_4041880108702521278_n-768x576.jpg 768w, https:\/\/cgs.az\/wp-content\/uploads\/2024\/01\/404990019_864833038976080_4041880108702521278_n.jpg 1156w\" sizes=\"auto, (max-width: 1024px) 100vw, 1024px\" \/><\/a><\/figure>\n\n\n\n<figure class=\"wp-block-image size-large\"><a href=\"https:\/\/cgs.az\/wp-content\/uploads\/2024\/01\/395711724_847873380672046_5187978001683693345_n.jpg\"><img loading=\"lazy\" decoding=\"async\" width=\"1024\" height=\"683\" data-id=\"416\" src=\"https:\/\/cgs.az\/wp-content\/uploads\/2024\/01\/395711724_847873380672046_5187978001683693345_n-1024x683.jpg\" alt=\"\" class=\"wp-image-416\" srcset=\"https:\/\/cgs.az\/wp-content\/uploads\/2024\/01\/395711724_847873380672046_5187978001683693345_n-1024x683.jpg 1024w, https:\/\/cgs.az\/wp-content\/uploads\/2024\/01\/395711724_847873380672046_5187978001683693345_n-300x200.jpg 300w, https:\/\/cgs.az\/wp-content\/uploads\/2024\/01\/395711724_847873380672046_5187978001683693345_n-768x512.jpg 768w, https:\/\/cgs.az\/wp-content\/uploads\/2024\/01\/395711724_847873380672046_5187978001683693345_n-1536x1025.jpg 1536w, https:\/\/cgs.az\/wp-content\/uploads\/2024\/01\/395711724_847873380672046_5187978001683693345_n.jpg 2048w\" sizes=\"auto, (max-width: 1024px) 100vw, 1024px\" \/><\/a><\/figure>\n\n\n\n<figure class=\"wp-block-image size-large\"><a href=\"https:\/\/cgs.az\/wp-content\/uploads\/2024\/01\/386420163_834457888680262_5173769166478343528_n.jpg\"><img loading=\"lazy\" decoding=\"async\" width=\"1024\" height=\"961\" data-id=\"413\" src=\"https:\/\/cgs.az\/wp-content\/uploads\/2024\/01\/386420163_834457888680262_5173769166478343528_n-1024x961.jpg\" alt=\"\" class=\"wp-image-413\" srcset=\"https:\/\/cgs.az\/wp-content\/uploads\/2024\/01\/386420163_834457888680262_5173769166478343528_n-1024x961.jpg 1024w, https:\/\/cgs.az\/wp-content\/uploads\/2024\/01\/386420163_834457888680262_5173769166478343528_n-300x282.jpg 300w, https:\/\/cgs.az\/wp-content\/uploads\/2024\/01\/386420163_834457888680262_5173769166478343528_n-768x721.jpg 768w, https:\/\/cgs.az\/wp-content\/uploads\/2024\/01\/386420163_834457888680262_5173769166478343528_n.jpg 1080w\" sizes=\"auto, (max-width: 1024px) 100vw, 1024px\" \/><\/a><\/figure>\n\n\n\n<figure class=\"wp-block-image size-large\"><a href=\"https:\/\/cgs.az\/wp-content\/uploads\/2024\/01\/348923453_1609660819518659_9114611835956496627_n.jpg\"><img loading=\"lazy\" decoding=\"async\" width=\"1024\" height=\"682\" data-id=\"407\" src=\"https:\/\/cgs.az\/wp-content\/uploads\/2024\/01\/348923453_1609660819518659_9114611835956496627_n-1024x682.jpg\" alt=\"\" class=\"wp-image-407\" srcset=\"https:\/\/cgs.az\/wp-content\/uploads\/2024\/01\/348923453_1609660819518659_9114611835956496627_n-1024x682.jpg 1024w, https:\/\/cgs.az\/wp-content\/uploads\/2024\/01\/348923453_1609660819518659_9114611835956496627_n-300x200.jpg 300w, https:\/\/cgs.az\/wp-content\/uploads\/2024\/01\/348923453_1609660819518659_9114611835956496627_n-768x512.jpg 768w, https:\/\/cgs.az\/wp-content\/uploads\/2024\/01\/348923453_1609660819518659_9114611835956496627_n.jpg 1280w\" sizes=\"auto, (max-width: 1024px) 100vw, 1024px\" \/><\/a><\/figure>\n\n\n\n<figure class=\"wp-block-image size-large\"><a href=\"https:\/\/cgs.az\/wp-content\/uploads\/2024\/01\/348926061_623983796421786_4529856519266518396_n.jpg\"><img loading=\"lazy\" decoding=\"async\" width=\"1024\" height=\"682\" data-id=\"408\" src=\"https:\/\/cgs.az\/wp-content\/uploads\/2024\/01\/348926061_623983796421786_4529856519266518396_n-1024x682.jpg\" alt=\"\" class=\"wp-image-408\" srcset=\"https:\/\/cgs.az\/wp-content\/uploads\/2024\/01\/348926061_623983796421786_4529856519266518396_n-1024x682.jpg 1024w, https:\/\/cgs.az\/wp-content\/uploads\/2024\/01\/348926061_623983796421786_4529856519266518396_n-300x200.jpg 300w, https:\/\/cgs.az\/wp-content\/uploads\/2024\/01\/348926061_623983796421786_4529856519266518396_n-768x512.jpg 768w, https:\/\/cgs.az\/wp-content\/uploads\/2024\/01\/348926061_623983796421786_4529856519266518396_n.jpg 1280w\" sizes=\"auto, (max-width: 1024px) 100vw, 1024px\" \/><\/a><\/figure>\n\n\n\n<figure class=\"wp-block-image size-large\"><a href=\"https:\/\/cgs.az\/wp-content\/uploads\/2024\/01\/354431071_755433373249381_5500487443994290045_n.jpg\"><img loading=\"lazy\" decoding=\"async\" width=\"1024\" height=\"768\" data-id=\"410\" src=\"https:\/\/cgs.az\/wp-content\/uploads\/2024\/01\/354431071_755433373249381_5500487443994290045_n-1024x768.jpg\" alt=\"\" class=\"wp-image-410\" srcset=\"https:\/\/cgs.az\/wp-content\/uploads\/2024\/01\/354431071_755433373249381_5500487443994290045_n-1024x768.jpg 1024w, https:\/\/cgs.az\/wp-content\/uploads\/2024\/01\/354431071_755433373249381_5500487443994290045_n-300x225.jpg 300w, https:\/\/cgs.az\/wp-content\/uploads\/2024\/01\/354431071_755433373249381_5500487443994290045_n-768x576.jpg 768w, https:\/\/cgs.az\/wp-content\/uploads\/2024\/01\/354431071_755433373249381_5500487443994290045_n.jpg 1280w\" sizes=\"auto, (max-width: 1024px) 100vw, 1024px\" \/><\/a><\/figure>\n\n\n\n<figure class=\"wp-block-image size-large\"><a href=\"https:\/\/cgs.az\/wp-content\/uploads\/2024\/01\/245849306_4457818330921320_3820127248996020577_n.jpg\"><img loading=\"lazy\" decoding=\"async\" width=\"1024\" height=\"768\" data-id=\"406\" src=\"https:\/\/cgs.az\/wp-content\/uploads\/2024\/01\/245849306_4457818330921320_3820127248996020577_n-1024x768.jpg\" alt=\"\" class=\"wp-image-406\" srcset=\"https:\/\/cgs.az\/wp-content\/uploads\/2024\/01\/245849306_4457818330921320_3820127248996020577_n-1024x768.jpg 1024w, https:\/\/cgs.az\/wp-content\/uploads\/2024\/01\/245849306_4457818330921320_3820127248996020577_n-300x225.jpg 300w, https:\/\/cgs.az\/wp-content\/uploads\/2024\/01\/245849306_4457818330921320_3820127248996020577_n-768x576.jpg 768w, https:\/\/cgs.az\/wp-content\/uploads\/2024\/01\/245849306_4457818330921320_3820127248996020577_n-1536x1152.jpg 1536w, https:\/\/cgs.az\/wp-content\/uploads\/2024\/01\/245849306_4457818330921320_3820127248996020577_n.jpg 1600w\" sizes=\"auto, (max-width: 1024px) 100vw, 1024px\" \/><\/a><\/figure>\n<\/figure>\n","protected":false},"excerpt":{"rendered":"<p>\u201cCaucasus Geo Survey\u201d \u015firk\u0259ti 2017 -ci ild\u0259 qurulmu\u015fdur. \u015eirk\u0259timiz \u0259traf m\u00fchit, m\u00fch\u0259ndislik, k\u0259nd t\u0259s\u0259rr\u00fcfat\u0131, ekologiya, hidroloji ehtiyatlar, \u0259hali, iqlim d\u0259yi\u015fikliyi, \u00e7\u00f6l t\u0259dqiqatlar\u0131 v\u0259 iqtisadiyyat\u0131n m\u00fcxt\u0259lif sektorlar\u0131nda Co\u011frafi \u0130nformasiya Sisteml\u0259rinin (C\u0130S) t\u0259tbiqi \u00fczr\u0259 ixtisasla\u015fm\u0131\u015fd\u0131r. \u018fsas m\u0259qs\u0259dl\u0259rd\u0259n biri d\u00fcnyada s\u00fcr\u0259tl\u0259 inki\u015faf ed\u0259n m\u0259kan informasiya sisteml\u0259rinin C\u0130S texnologiyas\u0131 il\u0259 inteqrasiyas\u0131 yolu il\u0259 \u00f6lk\u0259mizd\u0259 co\u011frafi informasiya sisteml\u0259rinin geni\u015f istifad\u0259sini [&hellip;]<\/p>\n","protected":false},"author":1,"featured_media":0,"parent":0,"menu_order":0,"comment_status":"closed","ping_status":"closed","template":"","meta":{"footnotes":""},"class_list":["post-82","page","type-page","status-publish","hentry"],"aioseo_notices":[],"_links":{"self":[{"href":"https:\/\/cgs.az\/index.php?rest_route=\/wp\/v2\/pages\/82","targetHints":{"allow":["GET"]}}],"collection":[{"href":"https:\/\/cgs.az\/index.php?rest_route=\/wp\/v2\/pages"}],"about":[{"href":"https:\/\/cgs.az\/index.php?rest_route=\/wp\/v2\/types\/page"}],"author":[{"embeddable":true,"href":"https:\/\/cgs.az\/index.php?rest_route=\/wp\/v2\/users\/1"}],"replies":[{"embeddable":true,"href":"https:\/\/cgs.az\/index.php?rest_route=%2Fwp%2Fv2%2Fcomments&post=82"}],"version-history":[{"count":11,"href":"https:\/\/cgs.az\/index.php?rest_route=\/wp\/v2\/pages\/82\/revisions"}],"predecessor-version":[{"id":465,"href":"https:\/\/cgs.az\/index.php?rest_route=\/wp\/v2\/pages\/82\/revisions\/465"}],"wp:attachment":[{"href":"https:\/\/cgs.az\/index.php?rest_route=%2Fwp%2Fv2%2Fmedia&parent=82"}],"curies":[{"name":"wp","href":"https:\/\/api.w.org\/{rel}","templated":true}]}}